{"id":30,"date":"2020-12-21T18:22:26","date_gmt":"2020-12-21T18:22:26","guid":{"rendered":"http:\/\/www.ikbalhaliyikama.com\/?page_id=30"},"modified":"2026-03-03T12:36:43","modified_gmt":"2026-03-03T12:36:43","slug":"fiyatlarimiz","status":"publish","type":"page","link":"https:\/\/www.ikbalhaliyikama.com\/?page_id=30","title":{"rendered":"Fiyatlar\u0131m\u0131z"},"content":{"rendered":"\n<ul class=\"wp-block-list\">\n<li><strong>MAK\u0130NE HALISI\u00a0 \u00a0 \u00a0 \u00a0 : <\/strong>80 <strong>TL<\/strong><\/li>\n\n\n\n<li>SSHAGGY HALISI\u00a0 \u00a0 \u00a0 : 100 TL<\/li>\n\n\n\n<li>BAMBU HALISI&nbsp; &nbsp; &nbsp; &nbsp; &nbsp; &nbsp;: 300 TL<\/li>\n\n\n\n<li><strong>BATTAN\u0130YE&nbsp; &nbsp; &nbsp; &nbsp; &nbsp; &nbsp; &nbsp; &nbsp; : 400 TL<\/strong><\/li>\n\n\n\n<li>\u00c7\u0130N HALISI&nbsp; &nbsp; &nbsp; &nbsp; &nbsp; &nbsp; &nbsp; &nbsp; &nbsp; : 300 TL<\/li>\n\n\n\n<li>EL DOKUMA HALISI&nbsp; : 250 TL<\/li>\n\n\n\n<li>AKR\u0130L\u0130K HALI\u00a0 \u00a0 \u00a0 \u00a0 \u00a0 : 100 TL<\/li>\n\n\n\n<li>ELYAF YORGAN&nbsp; &nbsp; &nbsp; &nbsp; &nbsp;: 400 TL<\/li>\n\n\n\n<li><strong>KOLTUK TAKIMI&nbsp; &nbsp; &nbsp; &nbsp;: 1500 TL<\/strong><\/li>\n\n\n\n<li>NEPAL Y\u00dcN HALISI&nbsp; &nbsp;: 300 TL<\/li>\n\n\n\n<li>SAMUR HALISI\u00a0 \u00a0 \u00a0 \u00a0 \u00a0 : 100 TL<\/li>\n\n\n\n<li>YA\u011eCI BED\u0130R HALISI: 250 TL<\/li>\n\n\n\n<li>YATAK \u00c7\u0130FT K\u0130\u015e\u0130L\u0130K : 1000 TL<\/li>\n\n\n\n<li>YATAK TEK K\u0130\u015e\u0130L\u0130K&nbsp; : 700 TL<\/li>\n\n\n\n<li>YORGAN Y\u00dcN&nbsp; &nbsp; &nbsp; &nbsp; &nbsp; &nbsp; : 400 TL<\/li>\n\n\n\n<li>MAK\u0130NE Y\u00dcN HALI&nbsp; &nbsp; : 150 TL<\/li>\n\n\n\n<li><strong>STOR PERDE&nbsp; M\u00b2&nbsp; &nbsp; &nbsp; &nbsp;: 70 TL<\/strong><\/li>\n\n\n\n<li>SANDALYE TANE : 70 TL<\/li>\n\n\n\n<li>KAFE SANDALYE TANE : 100 TL<\/li>\n\n\n\n<li>TEK KANEPE : 700 TL<\/li>\n\n\n\n<li>SAB\u0130T TAKIM : 1500 TL<\/li>\n\n\n\n<li>M\u0130NDERL\u0130 SAB\u0130T TAKIM : 1800 TL <\/li>\n\n\n\n<li>CASTER KOLTUK TAKIMI : 2000 TL<\/li>\n\n\n\n<li>M\u0130NDERL\u0130 CASTER KOLTUK TAKIMI : 2300 TL <\/li>\n\n\n\n<li>YER\u0130NDE HALI YIKAMA <strong>M\u00b2<\/strong> : 70 TL<\/li>\n<\/ul>\n\n\n\n<p>F\u0130YAT L\u0130STEM\u0130Z G\u00dcNCEL 01.03.2026-31.12.2026 TAR\u0130HLER\u0130 ARASI GE\u00c7ERL\u0130D\u0130R<\/p>\n\n\n\n<p><\/p>\n","protected":false},"excerpt":{"rendered":"<p>F\u0130YAT L\u0130STEM\u0130Z G\u00dcNCEL 01.03.2026-31.12.2026 TAR\u0130HLER\u0130 ARASI GE\u00c7ERL\u0130D\u0130R<\/p>\n","protected":false},"author":1,"featured_media":0,"parent":0,"menu_order":0,"comment_status":"closed","ping_status":"closed","template":"","meta":{"footnotes":""},"class_list":["post-30","page","type-page","status-publish","hentry"],"_links":{"self":[{"href":"https:\/\/www.ikbalhaliyikama.com\/index.php?rest_route=\/wp\/v2\/pages\/30","targetHints":{"allow":["GET"]}}],"collection":[{"href":"https:\/\/www.ikbalhaliyikama.com\/index.php?rest_route=\/wp\/v2\/pages"}],"about":[{"href":"https:\/\/www.ikbalhaliyikama.com\/index.php?rest_route=\/wp\/v2\/types\/page"}],"author":[{"embeddable":true,"href":"https:\/\/www.ikbalhaliyikama.com\/index.php?rest_route=\/wp\/v2\/users\/1"}],"replies":[{"embeddable":true,"href":"https:\/\/www.ikbalhaliyikama.com\/index.php?rest_route=%2Fwp%2Fv2%2Fcomments&post=30"}],"version-history":[{"count":16,"href":"https:\/\/www.ikbalhaliyikama.com\/index.php?rest_route=\/wp\/v2\/pages\/30\/revisions"}],"predecessor-version":[{"id":165,"href":"https:\/\/www.ikbalhaliyikama.com\/index.php?rest_route=\/wp\/v2\/pages\/30\/revisions\/165"}],"wp:attachment":[{"href":"https:\/\/www.ikbalhaliyikama.com\/index.php?rest_route=%2Fwp%2Fv2%2Fmedia&parent=30"}],"curies":[{"name":"wp","href":"https:\/\/api.w.org\/{rel}","templated":true}]}}