{"id":32,"date":"2020-12-21T18:22:44","date_gmt":"2020-12-21T18:22:44","guid":{"rendered":"http:\/\/www.ikbalhaliyikama.com\/?page_id=32"},"modified":"2025-07-21T17:19:45","modified_gmt":"2025-07-21T17:19:45","slug":"iletisim","status":"publish","type":"page","link":"https:\/\/www.ikbalhaliyikama.com\/?page_id=32","title":{"rendered":"\u0130leti\u015fim"},"content":{"rendered":"\n<p>Numaram\u0131z: 0546 480 25 18 &#8211; 0312 277 20 40 <\/p>\n\n\n\n<p>Fabrikam\u0131z: Fevzi \u00e7akmak Mahallesi Yenikent Sanayi Sitesi 16.cadde no:23 Sincan\/Ankara<\/p>\n\n\n\n<p><\/p>\n","protected":false},"excerpt":{"rendered":"<p>Numaram\u0131z: 0546 480 25 18 &#8211; 0312 277 20 40 Fabrikam\u0131z: Fevzi \u00e7akmak Mahallesi Yenikent Sanayi Sitesi 16.cadde no:23 Sincan\/Ankara<\/p>\n","protected":false},"author":1,"featured_media":0,"parent":0,"menu_order":0,"comment_status":"closed","ping_status":"closed","template":"","meta":{"footnotes":""},"class_list":["post-32","page","type-page","status-publish","hentry"],"_links":{"self":[{"href":"https:\/\/www.ikbalhaliyikama.com\/index.php?rest_route=\/wp\/v2\/pages\/32","targetHints":{"allow":["GET"]}}],"collection":[{"href":"https:\/\/www.ikbalhaliyikama.com\/index.php?rest_route=\/wp\/v2\/pages"}],"about":[{"href":"https:\/\/www.ikbalhaliyikama.com\/index.php?rest_route=\/wp\/v2\/types\/page"}],"author":[{"embeddable":true,"href":"https:\/\/www.ikbalhaliyikama.com\/index.php?rest_route=\/wp\/v2\/users\/1"}],"replies":[{"embeddable":true,"href":"https:\/\/www.ikbalhaliyikama.com\/index.php?rest_route=%2Fwp%2Fv2%2Fcomments&post=32"}],"version-history":[{"count":7,"href":"https:\/\/www.ikbalhaliyikama.com\/index.php?rest_route=\/wp\/v2\/pages\/32\/revisions"}],"predecessor-version":[{"id":159,"href":"https:\/\/www.ikbalhaliyikama.com\/index.php?rest_route=\/wp\/v2\/pages\/32\/revisions\/159"}],"wp:attachment":[{"href":"https:\/\/www.ikbalhaliyikama.com\/index.php?rest_route=%2Fwp%2Fv2%2Fmedia&parent=32"}],"curies":[{"name":"wp","href":"https:\/\/api.w.org\/{rel}","templated":true}]}}